{"id":47361,"date":"2025-05-13T21:50:30","date_gmt":"2025-05-13T21:50:30","guid":{"rendered":"https:\/\/stacc.veebilahendused.ee\/?page_id=47361"},"modified":"2025-05-13T22:16:08","modified_gmt":"2025-05-13T22:16:08","slug":"toetused","status":"publish","type":"page","link":"https:\/\/stacc.veebilahendused.ee\/et\/toetused\/","title":{"rendered":"Saadud toetused"},"content":{"rendered":"\n<div class=\"wp-block-cover\" style=\"min-height:250px;aspect-ratio:unset;\"><span aria-hidden=\"true\" class=\"wp-block-cover__background has-brand-dark-green-background-color has-background-dim-100 has-background-dim\"><\/span><div class=\"wp-block-cover__inner-container is-layout-flow wp-block-cover-is-layout-flow\">\n<div style=\"height:60px\" aria-hidden=\"true\" class=\"wp-block-spacer\"><\/div>\n\n\n\n<h1 class=\"wp-block-heading has-text-align-center has-brand-bright-yellow-color has-text-color\">Saadud toetused<\/h1>\n<\/div><\/div>\n\n\n\n<div class=\"wp-block-cover is-light\"><span aria-hidden=\"true\" class=\"wp-block-cover__background has-brand-light-grey-background-color has-background-dim-100 has-background-dim\"><\/span><div class=\"wp-block-cover__inner-container is-layout-flow wp-block-cover-is-layout-flow\">\n<p id=\"block-2a4e43b6-f7b8-47e7-af66-a0101ebe3bbc\"><\/p>\n\n\n\n<figure class=\"wp-block-image size-large is-resized\"><img fetchpriority=\"high\" decoding=\"async\" width=\"1024\" height=\"213\" src=\"https:\/\/stacc.veebilahendused.ee\/wp-content\/uploads\/2024\/09\/EU-Horizone-2020-1024x213.png\" alt=\"\" class=\"wp-image-38548\" style=\"width:500px\" srcset=\"https:\/\/stacc.veebilahendused.ee\/wp-content\/uploads\/2024\/09\/EU-Horizone-2020-1024x213.png 1024w, https:\/\/stacc.veebilahendused.ee\/wp-content\/uploads\/2024\/09\/EU-Horizone-2020-300x63.png 300w, https:\/\/stacc.veebilahendused.ee\/wp-content\/uploads\/2024\/09\/EU-Horizone-2020-768x160.png 768w, https:\/\/stacc.veebilahendused.ee\/wp-content\/uploads\/2024\/09\/EU-Horizone-2020.png 1200w\" sizes=\"(max-width: 1024px) 100vw, 1024px\" \/><\/figure>\n\n\n\n<h3 class=\"wp-block-heading\"><strong>Projekti nimi:<\/strong> <strong>SoBigData-PlusPlus &#8220;Integreeritud infrastruktuur sotsiaalteaduste ja suurandmete anal\u00fc\u00fctika andmekaeveks Euroopas&#8221;<\/strong><\/h3>\n\n\n\n<p>Projekti periood: 01.05.2020 &#8211; 31.12.2024<\/p>\n\n\n\n<p>SoBigData++ eesm\u00e4rk on pakkuda hajutatud, kogu Euroopat h\u00f5lmavat multidistsiplinaarset teadusinfrastruktuuri sotsiaalsete suurandmete anal\u00fc\u00fcsimiseks ning konsolideerida Euroopa valdkondadevahelist teadlaskonda, mille sihiks on kasutada andmekaevet sotsiaalteadustes ja suurandmeid, et m\u00f5ista meie kaasaegse, globaalselt \u00fchendatud \u00fchiskonna keerukust.<\/p>\n\n\n\n<p>Tuginedes FAIR ja FACT p\u00f5him\u00f5tetele, muudab SoBigData++ andmekaeve sotsiaalteadustes eksperimendid lihtsamini kavandatavaks, kohandatavaks ja korduvaks ka nende valdkondade ekspertide jaoks, kes ei ole andmeteadlased.<\/p>\n\n\n\n<p>SoBigData++ liigub eetiliste ja juriidiliste v\u00e4ljakutsete teadvustamisest edasi konkreetsete t\u00f6\u00f6riistadeni, mis rakendavad v\u00e4\u00e4rtustundlikku disaini kaudu eetikat, integreerides privaatsuse kaitse, \u00f5igluse, l\u00e4bipaistvuse ja pluralismi v\u00e4\u00e4rtused ja normid.<\/p>\n\n\n\n<p>SoBigData++ on saanud rahastust Euroopa Liidu Horizon 2020 teadus- ja innovatsiooniprogrammist, toetuslepingu nr 871042 alusel.<br><br><a href=\"https:\/\/plusplus.sobigdata.eu\/\">https:\/\/plusplus.sobigdata.eu\/<\/a><\/p>\n\n\n\n<div style=\"height:50px\" aria-hidden=\"true\" class=\"wp-block-spacer\"><\/div>\n\n\n\n<figure class=\"wp-block-image size-large is-resized\"><img fetchpriority=\"high\" decoding=\"async\" width=\"1024\" height=\"213\" src=\"https:\/\/stacc.veebilahendused.ee\/wp-content\/uploads\/2024\/09\/EU-Horizone-2020-1024x213.png\" alt=\"\" class=\"wp-image-38548\" style=\"width:500px\" srcset=\"https:\/\/stacc.veebilahendused.ee\/wp-content\/uploads\/2024\/09\/EU-Horizone-2020-1024x213.png 1024w, https:\/\/stacc.veebilahendused.ee\/wp-content\/uploads\/2024\/09\/EU-Horizone-2020-300x63.png 300w, https:\/\/stacc.veebilahendused.ee\/wp-content\/uploads\/2024\/09\/EU-Horizone-2020-768x160.png 768w, https:\/\/stacc.veebilahendused.ee\/wp-content\/uploads\/2024\/09\/EU-Horizone-2020.png 1200w\" sizes=\"(max-width: 1024px) 100vw, 1024px\" \/><\/figure>\n\n\n\n<h3 class=\"wp-block-heading\"><strong>Projekti nimi: MLFPM2018 &#8220;Masin\u00f5ppe esirinnas t\u00e4ppismeditsiinis&#8221;<\/strong><\/h3>\n\n\n\n<p>Projekti periood: 15.08.2019 &#8211; 14.08.2022<\/p>\n\n\n\n<p>Marie Curie uuenduslik koolitusv\u00f5rgustik &#8220;Masin\u00f5ppe esirinnas t\u00e4ppismeditsiinis&#8221; \u00fchendab juhtivaid Euroopa teadusasutusi masin\u00f5ppe ja statistilise geneetika vallas, h\u00f5lmates nii era- kui ka avaliku sektori asutusi, et koolitada 14 noorteadlast. Need teadlased rakendavad masin\u00f5ppe meetodeid terviseandmete anal\u00fc\u00fcsimiseks. Eesm\u00e4rk on paljastada uusi teadmisi haiguste mehhanismidest ja ravitulemustest ning kasutada leide t\u00e4ppismeditsiinis, mille eesm\u00e4rgiks on pakkuda iga patsiendi jaoks isikustatud ennetavat hooldust ja ravivalikut.<\/p>\n\n\n\n<p>See projekt on saanud rahastust Euroopa Liidu Horizon 2020 teadus- ja innovatsiooniprogrammist Marie Sk\u0142odowska-Curie toetuslepingu nr 813533 alusel.<br><a href=\"https:\/\/mlfpm.eu\/\">https:\/\/mlfpm.eu\/<\/a><\/p>\n\n\n\n<div style=\"height:50px\" aria-hidden=\"true\" class=\"wp-block-spacer\"><\/div>\n\n\n\n<figure class=\"wp-block-image size-large is-resized\"><img decoding=\"async\" width=\"1024\" height=\"403\" src=\"https:\/\/stacc.veebilahendused.ee\/wp-content\/uploads\/2024\/09\/Haridus-ja-teadusministeerium-1-1024x403.png\" alt=\"\" class=\"wp-image-38552\" style=\"width:350px\" srcset=\"https:\/\/stacc.veebilahendused.ee\/wp-content\/uploads\/2024\/09\/Haridus-ja-teadusministeerium-1-1024x403.png 1024w, https:\/\/stacc.veebilahendused.ee\/wp-content\/uploads\/2024\/09\/Haridus-ja-teadusministeerium-1-300x118.png 300w, https:\/\/stacc.veebilahendused.ee\/wp-content\/uploads\/2024\/09\/Haridus-ja-teadusministeerium-1-768x302.png 768w, https:\/\/stacc.veebilahendused.ee\/wp-content\/uploads\/2024\/09\/Haridus-ja-teadusministeerium-1.png 1362w\" sizes=\"(max-width: 1024px) 100vw, 1024px\" \/><\/figure>\n\n\n\n<h3 class=\"wp-block-heading\"><strong>Projekti nimi:<\/strong> <strong>Teadus- ja arendustegevused<\/strong><\/h3>\n\n\n\n<p>Projekti periood: 19.12. 2018 &#8211; 31.12. 2024<\/p>\n\n\n\n<p>STACC O\u00dc on positiivselt evalveeritud teadus- ja arendusasutus, mille teadus- ja arendustegevust rahastatakse riigieelarvest (baasfinantseerimine).&nbsp;<\/p>\n\n\n\n<div style=\"height:50px\" aria-hidden=\"true\" class=\"wp-block-spacer\"><\/div>\n\n\n\n<figure class=\"wp-block-image size-large is-resized\"><img decoding=\"async\" width=\"1024\" height=\"592\" src=\"https:\/\/stacc.veebilahendused.ee\/wp-content\/uploads\/2021\/10\/EAS-logo-1024x592.jpg\" alt=\"\" class=\"wp-image-11416\" style=\"object-fit:cover;width:250px;height:152px\" srcset=\"https:\/\/stacc.veebilahendused.ee\/wp-content\/uploads\/2021\/10\/EAS-logo-1024x592.jpg 1024w, https:\/\/stacc.veebilahendused.ee\/wp-content\/uploads\/2021\/10\/EAS-logo-300x174.jpg 300w, https:\/\/stacc.veebilahendused.ee\/wp-content\/uploads\/2021\/10\/EAS-logo-768x444.jpg 768w, https:\/\/stacc.veebilahendused.ee\/wp-content\/uploads\/2021\/10\/EAS-logo-1536x888.jpg 1536w, https:\/\/stacc.veebilahendused.ee\/wp-content\/uploads\/2021\/10\/EAS-logo-2048x1185.jpg 2048w\" sizes=\"(max-width: 1024px) 100vw, 1024px\" \/><\/figure>\n\n\n\n<h3 class=\"wp-block-heading\"><strong>Projekti nimi: Software Technology and Applications Competence Centre (STACC)<\/strong><\/h3>\n\n\n\n<p>Projekti periood: 01.09.2015 \u2013 31.12.2023<\/p>\n\n\n\n<p>Projekti number: EU48684<\/p>\n\n\n\n<p>Projekti summa: 6 996 502 EUR (kaasrahastaja: Euroopa Liidu Regionaalarengu Fond)<\/p>\n\n\n\n<p>Projekti l\u00fchikirjeldus: Tarkvara TAK (STACC) visiooniks on saada juhtivaks rakendusuuringute keskuseks, kust ettev\u00f5tted ja avaliku sektori asutused saavad ligip\u00e4\u00e4su andmeanal\u00fc\u00fctika tippspetsialistidele, et \u00fcheskoos arendada innovaatilisi tooteid. Meie eesm\u00e4rk on aidata ettev\u00f5tetel, kes vajavad andmeanal\u00fc\u00fctika tuge, j\u00f5uda tipptehnoloogiliste lahendustega kiiremini turule. STACCi strateegilised tegevusvaldkonnad on: (1) Andmeanal\u00fc\u00fctika s\u00fcsteemide ja tarkvara optimeerimiseks, (2) Aegruumiliste andmete anal\u00fc\u00fcs, (3) Suurandmed ja turvalisus, (4) E-Tervis ja personaalmeditsiin.<\/p>\n\n\n\n<p>Projekti eesm\u00e4rk: Projekti peamine eesm\u00e4rk on muuta STACC juhtivaks andmeanal\u00fc\u00fctika rakendusuuringuid teostavaks keskuseks ning saavutada majanduslik iseseisvus, pakkudes ettev\u00f5tetele andmeanal\u00fc\u00fctika ekspertiisi ja olles kaasautor innovaatiliste toodete loomisel.<\/p>\n\n\n\n<p>Projekti tulemus:<\/p>\n\n\n\n<p>1. Eestis tekib maailmatasemel tehnoloogia arenduskeskus, mis pakub kohalikele ettev\u00f5tetele andmeanal\u00fc\u00fctika tuge.<\/p>\n\n\n\n<p>2. STACC aitab TAK programmi raames enam kui 23l ettev\u00f5ttel tuua oma innovaatilised tooted kiiremini turule. Lisaks pakutakse turul andmeanal\u00fc\u00fctika teenust enam kui 50nele ettev\u00f5ttele.<\/p>\n\n\n\n<p>3. Partneritele loodud uutest toodetest kasvab m\u00fc\u00fcgitulu 41%, nende teadusarendus investeeringud kasvavad 4% ja lisav\u00e4\u00e4rtus t\u00f6\u00f6taja kohta kasvab 12,5% aastas.<\/p>\n\n\n\n<p>4. STACC panustab tugevalt Eesti IT hariduse edendamisse ja kasvatab teaduspartnerite v\u00f5imekust osaldeda andmeanal\u00fc\u00fctika projektides.<\/p>\n\n\n\n<div style=\"height:50px\" aria-hidden=\"true\" class=\"wp-block-spacer\"><\/div>\n\n\n\n<figure class=\"wp-block-image size-large is-resized\"><img decoding=\"async\" width=\"1024\" height=\"592\" src=\"https:\/\/stacc.veebilahendused.ee\/wp-content\/uploads\/2021\/10\/EAS-logo-1024x592.jpg\" alt=\"\" class=\"wp-image-11416\" style=\"object-fit:cover;width:250px;height:152px\" srcset=\"https:\/\/stacc.veebilahendused.ee\/wp-content\/uploads\/2021\/10\/EAS-logo-1024x592.jpg 1024w, https:\/\/stacc.veebilahendused.ee\/wp-content\/uploads\/2021\/10\/EAS-logo-300x174.jpg 300w, https:\/\/stacc.veebilahendused.ee\/wp-content\/uploads\/2021\/10\/EAS-logo-768x444.jpg 768w, https:\/\/stacc.veebilahendused.ee\/wp-content\/uploads\/2021\/10\/EAS-logo-1536x888.jpg 1536w, https:\/\/stacc.veebilahendused.ee\/wp-content\/uploads\/2021\/10\/EAS-logo-2048x1185.jpg 2048w\" sizes=\"(max-width: 1024px) 100vw, 1024px\" \/><\/figure>\n\n\n\n<h3 class=\"wp-block-heading\"><strong>Projekti nimi: Software Technology and Applications Competence Centre<\/strong><\/h3>\n\n\n\n<p>Projekti periood: 01.07.2009 \u2013 31.08.2015<\/p>\n\n\n\n<p>Projekti number: EU30015<\/p>\n\n\n\n<p>Projekti l\u00fchikirjeldus: Projekti eesm\u00e4rgiks oli teadlaskonna abiga t\u00f5sta ettev\u00f5tete uute IT toodete ja teenuste konkurentsiv\u00f5imet \u00fchiste teadusarendusprojektide l\u00e4biviimise kaudu. <\/p>\n\n\n\n<div style=\"height:50px\" aria-hidden=\"true\" class=\"wp-block-spacer\"><\/div>\n\n\n\n<figure class=\"wp-block-image size-large is-resized\"><img decoding=\"async\" width=\"1024\" height=\"592\" src=\"https:\/\/stacc.veebilahendused.ee\/wp-content\/uploads\/2021\/10\/EAS-logo-1024x592.jpg\" alt=\"\" class=\"wp-image-11416\" style=\"object-fit:cover;width:250px;height:152px\" srcset=\"https:\/\/stacc.veebilahendused.ee\/wp-content\/uploads\/2021\/10\/EAS-logo-1024x592.jpg 1024w, https:\/\/stacc.veebilahendused.ee\/wp-content\/uploads\/2021\/10\/EAS-logo-300x174.jpg 300w, https:\/\/stacc.veebilahendused.ee\/wp-content\/uploads\/2021\/10\/EAS-logo-768x444.jpg 768w, https:\/\/stacc.veebilahendused.ee\/wp-content\/uploads\/2021\/10\/EAS-logo-1536x888.jpg 1536w, https:\/\/stacc.veebilahendused.ee\/wp-content\/uploads\/2021\/10\/EAS-logo-2048x1185.jpg 2048w\" sizes=\"(max-width: 1024px) 100vw, 1024px\" \/><\/figure>\n\n\n\n<h3 class=\"wp-block-heading\"><strong><strong><strong>Projekti nimi: Arendust\u00f6\u00f6taja kaasamine TAK programmi v\u00e4liste tegevuste k\u00e4ivitamiseks<\/strong><\/strong> <\/strong><\/h3>\n\n\n\n<p>Projekti periood: 01.09.2013 \u2013 30.06.2015<\/p>\n\n\n\n<p>Projekti number: EU46295<\/p>\n\n\n\n<p>Projekti l\u00fchikirjeldus: EAS toetab Tarkvara TAK arendust\u00f6\u00f6taja kaasamist (projekti number: EU46295). Arendust\u00f6\u00f6taja kaasamise eesm\u00e4rgiks on aidata Tarkvara TAKil areneda iseseisvaks ja j\u00e4tkusuutlikuks tippkeskuseks. Siia alla kuuluvad kompetentsikeskuse kui organisatsiooni arendamine, t\u00e4iendavate teadusprojektide k\u00e4ivitamine, omatoodete ja teenuste arendamine jm tegevused. Programmi rahastab Euroopa Sotsiaalfond (ESF).<\/p>\n\n\n\n<div style=\"height:50px\" aria-hidden=\"true\" class=\"wp-block-spacer\"><\/div>\n\n\n\n<figure class=\"wp-block-image size-large is-resized\"><img decoding=\"async\" width=\"1024\" height=\"592\" src=\"https:\/\/stacc.veebilahendused.ee\/wp-content\/uploads\/2021\/10\/EAS-logo-1024x592.jpg\" alt=\"\" class=\"wp-image-11416\" style=\"object-fit:cover;width:250px;height:152px\" srcset=\"https:\/\/stacc.veebilahendused.ee\/wp-content\/uploads\/2021\/10\/EAS-logo-1024x592.jpg 1024w, https:\/\/stacc.veebilahendused.ee\/wp-content\/uploads\/2021\/10\/EAS-logo-300x174.jpg 300w, https:\/\/stacc.veebilahendused.ee\/wp-content\/uploads\/2021\/10\/EAS-logo-768x444.jpg 768w, https:\/\/stacc.veebilahendused.ee\/wp-content\/uploads\/2021\/10\/EAS-logo-1536x888.jpg 1536w, https:\/\/stacc.veebilahendused.ee\/wp-content\/uploads\/2021\/10\/EAS-logo-2048x1185.jpg 2048w\" sizes=\"(max-width: 1024px) 100vw, 1024px\" \/><\/figure>\n\n\n\n<h3 class=\"wp-block-heading\"><strong><strong><strong>Projekti nimi: STACC VTA (Tehnoloogia arenduskeskuste toetamine \u2013 t\u00e4iendav taotlusvoor)<\/strong><\/strong><\/strong><\/h3>\n\n\n\n<p>Projekti periood: 1.09.2019-31.12.2022<\/p>\n\n\n\n<p>Projekti number: EU53302<\/p>\n\n\n\n<p class=\"has-brand-dark-green-color has-text-color\">Projekti l\u00fchikirjeldus: projekti p\u00f5hieesm\u00e4rgiks on tagada perioodil 2019-2022 k\u00f5igi tegevuste elluviimine, mis toetavad STACCi muutumist j\u00e4tkusuutlikuks TA mahukate teenuste pakkujaks.<\/p>\n\n\n\n<div style=\"height:50px\" aria-hidden=\"true\" class=\"wp-block-spacer\"><\/div>\n<\/div><\/div>\n","protected":false},"excerpt":{"rendered":"","protected":false},"author":17,"featured_media":0,"parent":0,"menu_order":0,"comment_status":"closed","ping_status":"closed","template":"page-templates\/empty.php","meta":{"footnotes":""},"class_list":["post-47361","page","type-page","status-publish","hentry"],"yoast_head":"<!-- This site is optimized with the Yoast SEO plugin v25.1 - https:\/\/yoast.com\/wordpress\/plugins\/seo\/ -->\n<title>Saadud toetused - STACC<\/title>\n<meta name=\"description\" content=\"Publications with Stacc&#039;s involvement\" \/>\n<meta name=\"robots\" content=\"noindex, follow, max-snippet:-1, max-image-preview:large, max-video-preview:-1\" \/>\n<meta property=\"og:locale\" content=\"et_EE\" \/>\n<meta property=\"og:type\" content=\"article\" \/>\n<meta property=\"og:title\" content=\"Saadud toetused - STACC\" \/>\n<meta property=\"og:description\" content=\"Publications with Stacc&#039;s involvement\" \/>\n<meta property=\"og:url\" content=\"https:\/\/stacc.veebilahendused.ee\/et\/toetused\/\" \/>\n<meta property=\"og:site_name\" content=\"STACC\" \/>\n<meta property=\"article:publisher\" content=\"https:\/\/www.facebook.com\/staccest\" \/>\n<meta property=\"article:modified_time\" content=\"2025-05-13T22:16:08+00:00\" \/>\n<meta property=\"og:image\" content=\"https:\/\/stacc.veebilahendused.ee\/wp-content\/uploads\/2024\/09\/EU-Horizone-2020.png\" \/>\n\t<meta property=\"og:image:width\" content=\"1200\" \/>\n\t<meta property=\"og:image:height\" content=\"250\" \/>\n\t<meta property=\"og:image:type\" content=\"image\/png\" \/>\n<meta name=\"twitter:card\" content=\"summary_large_image\" \/>\n<meta name=\"twitter:site\" content=\"@staccest1\" \/>\n<meta name=\"twitter:label1\" content=\"Est. reading time\" \/>\n\t<meta name=\"twitter:data1\" content=\"16 minutit\" \/>\n<script type=\"application\/ld+json\" class=\"yoast-schema-graph\">{\"@context\":\"https:\/\/schema.org\",\"@graph\":[{\"@type\":\"WebPage\",\"@id\":\"https:\/\/stacc.veebilahendused.ee\/et\/toetused\/\",\"url\":\"https:\/\/stacc.veebilahendused.ee\/et\/toetused\/\",\"name\":\"Saadud toetused - STACC\",\"isPartOf\":{\"@id\":\"https:\/\/stacc.veebilahendused.ee\/et\/#website\"},\"primaryImageOfPage\":{\"@id\":\"https:\/\/stacc.veebilahendused.ee\/et\/toetused\/#primaryimage\"},\"image\":{\"@id\":\"https:\/\/stacc.veebilahendused.ee\/et\/toetused\/#primaryimage\"},\"thumbnailUrl\":\"https:\/\/stacc.veebilahendused.ee\/wp-content\/uploads\/2024\/09\/EU-Horizone-2020-1024x213.png\",\"datePublished\":\"2025-05-13T21:50:30+00:00\",\"dateModified\":\"2025-05-13T22:16:08+00:00\",\"description\":\"Publications with Stacc's involvement\",\"breadcrumb\":{\"@id\":\"https:\/\/stacc.veebilahendused.ee\/et\/toetused\/#breadcrumb\"},\"inLanguage\":\"et\",\"potentialAction\":[{\"@type\":\"ReadAction\",\"target\":[\"https:\/\/stacc.veebilahendused.ee\/et\/toetused\/\"]}]},{\"@type\":\"ImageObject\",\"inLanguage\":\"et\",\"@id\":\"https:\/\/stacc.veebilahendused.ee\/et\/toetused\/#primaryimage\",\"url\":\"https:\/\/stacc.veebilahendused.ee\/wp-content\/uploads\/2024\/09\/EU-Horizone-2020-1024x213.png\",\"contentUrl\":\"https:\/\/stacc.veebilahendused.ee\/wp-content\/uploads\/2024\/09\/EU-Horizone-2020-1024x213.png\"},{\"@type\":\"BreadcrumbList\",\"@id\":\"https:\/\/stacc.veebilahendused.ee\/et\/toetused\/#breadcrumb\",\"itemListElement\":[{\"@type\":\"ListItem\",\"position\":1,\"name\":\"Avaleht\",\"item\":\"https:\/\/stacc.veebilahendused.ee\/et\/\"},{\"@type\":\"ListItem\",\"position\":2,\"name\":\"Saadud toetused\"}]},{\"@type\":\"WebSite\",\"@id\":\"https:\/\/stacc.veebilahendused.ee\/et\/#website\",\"url\":\"https:\/\/stacc.veebilahendused.ee\/et\/\",\"name\":\"STACC\",\"description\":\"Juhtiv masin\u00f5ppe ja andmeteaduse ettev\u00f5te\",\"publisher\":{\"@id\":\"https:\/\/stacc.veebilahendused.ee\/et\/#organization\"},\"potentialAction\":[{\"@type\":\"SearchAction\",\"target\":{\"@type\":\"EntryPoint\",\"urlTemplate\":\"https:\/\/stacc.veebilahendused.ee\/et\/?s={search_term_string}\"},\"query-input\":{\"@type\":\"PropertyValueSpecification\",\"valueRequired\":true,\"valueName\":\"search_term_string\"}}],\"inLanguage\":\"et\"},{\"@type\":\"Organization\",\"@id\":\"https:\/\/stacc.veebilahendused.ee\/et\/#organization\",\"name\":\"STACC\",\"url\":\"https:\/\/stacc.veebilahendused.ee\/et\/\",\"logo\":{\"@type\":\"ImageObject\",\"inLanguage\":\"et\",\"@id\":\"https:\/\/stacc.veebilahendused.ee\/et\/#\/schema\/logo\/image\/\",\"url\":\"https:\/\/stacc.veebilahendused.ee\/wp-content\/uploads\/2021\/09\/stacc.jpg\",\"contentUrl\":\"https:\/\/stacc.veebilahendused.ee\/wp-content\/uploads\/2021\/09\/stacc.jpg\",\"width\":176,\"height\":176,\"caption\":\"STACC\"},\"image\":{\"@id\":\"https:\/\/stacc.veebilahendused.ee\/et\/#\/schema\/logo\/image\/\"},\"sameAs\":[\"https:\/\/www.facebook.com\/staccest\",\"https:\/\/x.com\/staccest1\",\"https:\/\/www.instagram.com\/staccest\/\",\"https:\/\/ee.linkedin.com\/company\/staccest\",\"https:\/\/www.youtube.com\/channel\/UCnn59bCz9vSM3lC0S9j6Ccw\"]}]}<\/script>\n<!-- \/ Yoast SEO plugin. -->","yoast_head_json":{"title":"Saadud toetused - STACC","description":"Publications with Stacc's involvement","robots":{"index":"noindex","follow":"follow","max-snippet":"max-snippet:-1","max-image-preview":"max-image-preview:large","max-video-preview":"max-video-preview:-1"},"og_locale":"et_EE","og_type":"article","og_title":"Saadud toetused - STACC","og_description":"Publications with Stacc's involvement","og_url":"https:\/\/stacc.veebilahendused.ee\/et\/toetused\/","og_site_name":"STACC","article_publisher":"https:\/\/www.facebook.com\/staccest","article_modified_time":"2025-05-13T22:16:08+00:00","og_image":[{"width":1200,"height":250,"url":"https:\/\/stacc.veebilahendused.ee\/wp-content\/uploads\/2024\/09\/EU-Horizone-2020.png","type":"image\/png"}],"twitter_card":"summary_large_image","twitter_site":"@staccest1","twitter_misc":{"Est. reading time":"16 minutit"},"schema":{"@context":"https:\/\/schema.org","@graph":[{"@type":"WebPage","@id":"https:\/\/stacc.veebilahendused.ee\/et\/toetused\/","url":"https:\/\/stacc.veebilahendused.ee\/et\/toetused\/","name":"Saadud toetused - STACC","isPartOf":{"@id":"https:\/\/stacc.veebilahendused.ee\/et\/#website"},"primaryImageOfPage":{"@id":"https:\/\/stacc.veebilahendused.ee\/et\/toetused\/#primaryimage"},"image":{"@id":"https:\/\/stacc.veebilahendused.ee\/et\/toetused\/#primaryimage"},"thumbnailUrl":"https:\/\/stacc.veebilahendused.ee\/wp-content\/uploads\/2024\/09\/EU-Horizone-2020-1024x213.png","datePublished":"2025-05-13T21:50:30+00:00","dateModified":"2025-05-13T22:16:08+00:00","description":"Publications with Stacc's involvement","breadcrumb":{"@id":"https:\/\/stacc.veebilahendused.ee\/et\/toetused\/#breadcrumb"},"inLanguage":"et","potentialAction":[{"@type":"ReadAction","target":["https:\/\/stacc.veebilahendused.ee\/et\/toetused\/"]}]},{"@type":"ImageObject","inLanguage":"et","@id":"https:\/\/stacc.veebilahendused.ee\/et\/toetused\/#primaryimage","url":"https:\/\/stacc.veebilahendused.ee\/wp-content\/uploads\/2024\/09\/EU-Horizone-2020-1024x213.png","contentUrl":"https:\/\/stacc.veebilahendused.ee\/wp-content\/uploads\/2024\/09\/EU-Horizone-2020-1024x213.png"},{"@type":"BreadcrumbList","@id":"https:\/\/stacc.veebilahendused.ee\/et\/toetused\/#breadcrumb","itemListElement":[{"@type":"ListItem","position":1,"name":"Avaleht","item":"https:\/\/stacc.veebilahendused.ee\/et\/"},{"@type":"ListItem","position":2,"name":"Saadud toetused"}]},{"@type":"WebSite","@id":"https:\/\/stacc.veebilahendused.ee\/et\/#website","url":"https:\/\/stacc.veebilahendused.ee\/et\/","name":"STACC","description":"Juhtiv masin\u00f5ppe ja andmeteaduse ettev\u00f5te","publisher":{"@id":"https:\/\/stacc.veebilahendused.ee\/et\/#organization"},"potentialAction":[{"@type":"SearchAction","target":{"@type":"EntryPoint","urlTemplate":"https:\/\/stacc.veebilahendused.ee\/et\/?s={search_term_string}"},"query-input":{"@type":"PropertyValueSpecification","valueRequired":true,"valueName":"search_term_string"}}],"inLanguage":"et"},{"@type":"Organization","@id":"https:\/\/stacc.veebilahendused.ee\/et\/#organization","name":"STACC","url":"https:\/\/stacc.veebilahendused.ee\/et\/","logo":{"@type":"ImageObject","inLanguage":"et","@id":"https:\/\/stacc.veebilahendused.ee\/et\/#\/schema\/logo\/image\/","url":"https:\/\/stacc.veebilahendused.ee\/wp-content\/uploads\/2021\/09\/stacc.jpg","contentUrl":"https:\/\/stacc.veebilahendused.ee\/wp-content\/uploads\/2021\/09\/stacc.jpg","width":176,"height":176,"caption":"STACC"},"image":{"@id":"https:\/\/stacc.veebilahendused.ee\/et\/#\/schema\/logo\/image\/"},"sameAs":["https:\/\/www.facebook.com\/staccest","https:\/\/x.com\/staccest1","https:\/\/www.instagram.com\/staccest\/","https:\/\/ee.linkedin.com\/company\/staccest","https:\/\/www.youtube.com\/channel\/UCnn59bCz9vSM3lC0S9j6Ccw"]}]}},"_links":{"self":[{"href":"https:\/\/stacc.veebilahendused.ee\/et\/wp-json\/wp\/v2\/pages\/47361","targetHints":{"allow":["GET"]}}],"collection":[{"href":"https:\/\/stacc.veebilahendused.ee\/et\/wp-json\/wp\/v2\/pages"}],"about":[{"href":"https:\/\/stacc.veebilahendused.ee\/et\/wp-json\/wp\/v2\/types\/page"}],"author":[{"embeddable":true,"href":"https:\/\/stacc.veebilahendused.ee\/et\/wp-json\/wp\/v2\/users\/17"}],"replies":[{"embeddable":true,"href":"https:\/\/stacc.veebilahendused.ee\/et\/wp-json\/wp\/v2\/comments?post=47361"}],"version-history":[{"count":5,"href":"https:\/\/stacc.veebilahendused.ee\/et\/wp-json\/wp\/v2\/pages\/47361\/revisions"}],"predecessor-version":[{"id":47379,"href":"https:\/\/stacc.veebilahendused.ee\/et\/wp-json\/wp\/v2\/pages\/47361\/revisions\/47379"}],"wp:attachment":[{"href":"https:\/\/stacc.veebilahendused.ee\/et\/wp-json\/wp\/v2\/media?parent=47361"}],"curies":[{"name":"wp","href":"https:\/\/api.w.org\/{rel}","templated":true}]}}