{"id":10483,"date":"2021-08-20T19:46:49","date_gmt":"2021-08-20T19:46:49","guid":{"rendered":"https:\/\/stacczero.local\/?page_id=10483"},"modified":"2025-04-22T22:34:55","modified_gmt":"2025-04-22T22:34:55","slug":"karjaarid","status":"publish","type":"page","link":"https:\/\/stacc.veebilahendused.ee\/et\/karjaarid\/","title":{"rendered":"Tule t\u00f6\u00f6le"},"content":{"rendered":"\n<div class=\"wp-block-cover has-brand-dark-green-background-color has-background-dim hero\"><span aria-hidden=\"true\" class=\"wp-block-cover__background has-brand-dark-green-background-color has-background-dim-60 has-background-dim\"><\/span><img fetchpriority=\"high\" decoding=\"async\" width=\"2000\" height=\"1333\" class=\"wp-block-cover__image-background wp-image-10590\" alt=\"\" src=\"https:\/\/stacc.veebilahendused.ee\/wp-content\/uploads\/2021\/10\/Stacc_joppcreative-6341-small-new.jpg\" data-object-fit=\"cover\" srcset=\"https:\/\/stacc.veebilahendused.ee\/wp-content\/uploads\/2021\/10\/Stacc_joppcreative-6341-small-new.jpg 2000w, https:\/\/stacc.veebilahendused.ee\/wp-content\/uploads\/2021\/10\/Stacc_joppcreative-6341-small-new-300x200.jpg 300w, https:\/\/stacc.veebilahendused.ee\/wp-content\/uploads\/2021\/10\/Stacc_joppcreative-6341-small-new-1024x682.jpg 1024w, https:\/\/stacc.veebilahendused.ee\/wp-content\/uploads\/2021\/10\/Stacc_joppcreative-6341-small-new-768x512.jpg 768w, https:\/\/stacc.veebilahendused.ee\/wp-content\/uploads\/2021\/10\/Stacc_joppcreative-6341-small-new-1536x1024.jpg 1536w\" sizes=\"(max-width: 2000px) 100vw, 2000px\" \/><div class=\"wp-block-cover__inner-container is-layout-flow wp-block-cover-is-layout-flow\">\n<div class=\"wp-block-columns is-layout-flex wp-container-core-columns-is-layout-9d6595d7 wp-block-columns-is-layout-flex\">\n<div class=\"wp-block-column is-layout-flow wp-block-column-is-layout-flow\">\n<div style=\"height:45px\" aria-hidden=\"true\" class=\"wp-block-spacer\"><\/div>\n\n\n\n<h1 class=\"wp-block-heading has-brand-bright-yellow-color has-text-color\">Liitu juhtiva AI ettev\u00f5ttega!<\/h1>\n\n\n\n<p><\/p>\n<\/div>\n\n\n\n<div class=\"wp-block-column is-layout-flow wp-block-column-is-layout-flow\"><\/div>\n<\/div>\n<\/div><\/div>\n\n\n\n<div class=\"wp-block-cover is-light\" style=\"min-height:50px;aspect-ratio:unset;\"><span aria-hidden=\"true\" class=\"wp-block-cover__background has-brand-light-grey-background-color has-background-dim-100 has-background-dim\"><\/span><div class=\"wp-block-cover__inner-container is-layout-flow wp-block-cover-is-layout-flow\">\n<div class=\"wp-block-query is-layout-flow wp-block-query-is-layout-flow\"><\/div>\n<\/div><\/div>\n\n\n\n<div class=\"wp-block-cover is-light\"><span aria-hidden=\"true\" class=\"wp-block-cover__background has-white-background-color has-background-dim-100 has-background-dim\"><\/span><div class=\"wp-block-cover__inner-container is-layout-flow wp-block-cover-is-layout-flow\">\n<div class=\"wp-block-columns is-layout-flex wp-container-core-columns-is-layout-9d6595d7 wp-block-columns-is-layout-flex\">\n<div class=\"wp-block-column is-layout-flow wp-block-column-is-layout-flow\" style=\"flex-basis:50%\">\n<p class=\"has-text-align-left has-brand-dark-green-color has-text-color\" style=\"font-size:30px\">Meil on ette n\u00e4idata pikk nimekiri p\u00f5nevaid tehisintellektiprojekte<\/p>\n\n\n\n<p>Oleme v\u00e4lja t\u00f6\u00f6tanud m\u00f5ned k\u00f5ige uuenduslikumad ja p\u00f5nevamad tehisintellekti toega lahendused ettev\u00f5tetele nagu <strong>FoodDocs<\/strong>, <strong>Enefit<\/strong>, <strong>E-Agronom<\/strong>, <strong>Plumbr<\/strong>, <strong>ZeroTurnaround<\/strong>, <strong>Skype<\/strong>. Meie masin\u00f5ppelahendused ulatuvad <strong>e-riigi Kratti programmist<\/strong> kuni <strong>Kaubamaja<\/strong>, <strong>COOPi<\/strong> ja <strong>Rahva Raamatu<\/strong> personaliseeritud soovituss\u00fcsteemideni, NLP-lahendustest meediaseireks kuni personaliseeritud meditsiinirakendusteni. Lisaks valmistame masinaid T\u0161ehhovi n\u00e4idendite kirjutamiseks ja linnulaulu tuvastamiseks!<\/p>\n<\/div>\n\n\n\n<div class=\"wp-block-column is-layout-flow wp-block-column-is-layout-flow\" style=\"flex-basis:50%\">\n<figure class=\"wp-block-image size-full\"><img decoding=\"async\" width=\"603\" height=\"299\" src=\"https:\/\/stacc.veebilahendused.ee\/wp-content\/uploads\/2024\/02\/enefit-nortal-skype.png\" alt=\"\" class=\"wp-image-27980\" srcset=\"https:\/\/stacc.veebilahendused.ee\/wp-content\/uploads\/2024\/02\/enefit-nortal-skype.png 603w, https:\/\/stacc.veebilahendused.ee\/wp-content\/uploads\/2024\/02\/enefit-nortal-skype-300x149.png 300w\" sizes=\"(max-width: 603px) 100vw, 603px\" \/><\/figure>\n<\/div>\n<\/div>\n<\/div><\/div>\n\n\n\n<div class=\"wp-block-cover is-light\"><span aria-hidden=\"true\" class=\"wp-block-cover__background has-brand-light-grey-background-color has-background-dim-100 has-background-dim\"><\/span><div class=\"wp-block-cover__inner-container is-layout-flow wp-block-cover-is-layout-flow\">\n<div style=\"height:50px\" aria-hidden=\"true\" class=\"wp-block-spacer\"><\/div>\n\n\n\n<div class=\"wp-block-columns is-layout-flex wp-container-core-columns-is-layout-9d6595d7 wp-block-columns-is-layout-flex\">\n<div class=\"wp-block-column is-layout-flow wp-block-column-is-layout-flow\" style=\"flex-basis:33%\">\n<p class=\"has-text-align-left has-brand-dark-green-color has-text-color\" style=\"font-size:30px\">STACCis tunned end t\u00f5eliselt koduselt<\/p>\n\n\n\n<p>Meie 20+ liikmeline meeskond koosneb nooruslikest ja energilistest inimestest, kellele meeldib koos aega veeta nii kontoris kui ka v\u00e4ljaspool t\u00f6\u00f6aega. Meie seltsielu osaks on \u00fcheskoos k\u00fcpsetamine hubases k\u00f6\u00f6gis, lauam\u00e4ngu\u00f5htud, \u00fchised jooksutrennid ja sportlikud m\u00f5\u00f5duv\u00f5tud kontoris \u2013 alati toimub midagi, mis meid liidab.<\/p>\n<\/div>\n\n\n\n<div class=\"wp-block-column is-vertically-aligned-stretch is-layout-flow wp-block-column-is-layout-flow\" style=\"flex-basis:50%\">\n<figure class=\"wp-block-image size-large\"><img decoding=\"async\" width=\"1024\" height=\"683\" src=\"https:\/\/stacc.veebilahendused.ee\/wp-content\/uploads\/2021\/08\/wfh-image-1-3-1024x683.jpg\" alt=\"\" class=\"wp-image-42130\" srcset=\"https:\/\/stacc.veebilahendused.ee\/wp-content\/uploads\/2021\/08\/wfh-image-1-3-1024x683.jpg 1024w, https:\/\/stacc.veebilahendused.ee\/wp-content\/uploads\/2021\/08\/wfh-image-1-3-300x200.jpg 300w, https:\/\/stacc.veebilahendused.ee\/wp-content\/uploads\/2021\/08\/wfh-image-1-3-768x512.jpg 768w, https:\/\/stacc.veebilahendused.ee\/wp-content\/uploads\/2021\/08\/wfh-image-1-3-1536x1024.jpg 1536w, https:\/\/stacc.veebilahendused.ee\/wp-content\/uploads\/2021\/08\/wfh-image-1-3.jpg 2048w\" sizes=\"(max-width: 1024px) 100vw, 1024px\" \/><\/figure>\n<\/div>\n<\/div>\n<\/div><\/div>\n\n\n\n<div class=\"wp-block-cover is-light\"><span aria-hidden=\"true\" class=\"wp-block-cover__background has-brand-light-grey-background-color has-background-dim-100 has-background-dim\"><\/span><div class=\"wp-block-cover__inner-container is-layout-flow wp-block-cover-is-layout-flow\">\n<div style=\"height:50px\" aria-hidden=\"true\" class=\"wp-block-spacer\"><\/div>\n\n\n\n<div class=\"wp-block-columns is-layout-flex wp-container-core-columns-is-layout-9d6595d7 wp-block-columns-is-layout-flex\">\n<div class=\"wp-block-column is-layout-flow wp-block-column-is-layout-flow\" style=\"flex-basis:50%\">\n<figure class=\"wp-block-image size-full\"><img loading=\"lazy\" decoding=\"async\" width=\"2048\" height=\"1365\" src=\"https:\/\/stacc.veebilahendused.ee\/wp-content\/uploads\/2021\/08\/wfh-image-1-4.jpg\" alt=\"\" class=\"wp-image-42132\" srcset=\"https:\/\/stacc.veebilahendused.ee\/wp-content\/uploads\/2021\/08\/wfh-image-1-4.jpg 2048w, https:\/\/stacc.veebilahendused.ee\/wp-content\/uploads\/2021\/08\/wfh-image-1-4-300x200.jpg 300w, https:\/\/stacc.veebilahendused.ee\/wp-content\/uploads\/2021\/08\/wfh-image-1-4-1024x683.jpg 1024w, https:\/\/stacc.veebilahendused.ee\/wp-content\/uploads\/2021\/08\/wfh-image-1-4-768x512.jpg 768w, https:\/\/stacc.veebilahendused.ee\/wp-content\/uploads\/2021\/08\/wfh-image-1-4-1536x1024.jpg 1536w\" sizes=\"(max-width: 2048px) 100vw, 2048px\" \/><\/figure>\n<\/div>\n\n\n\n<div class=\"wp-block-column is-layout-flow wp-block-column-is-layout-flow\" style=\"flex-basis:33%\">\n<p class=\"has-text-align-left has-brand-dark-green-color has-text-color\" style=\"font-size:30px\">T\u00f6\u00f6ta moodsas kontoris<\/p>\n\n\n\n<p>Meie hubane ja kaasaegne kontor asub Delta keskuses, otse Tartu s\u00fcdames, Emaj\u00f5e \u00e4\u00e4res. Pakume spordikompensatsiooni, regulaarseid tiimi\u00fcritusi ja motiveerivat tulemuslikkusega seotud palka. Samuti v\u00e4\u00e4rtustame tervislikku t\u00f6\u00f6- ja eraelu tasakaalu, pakkudes lisapuhkusep\u00e4eva iga t\u00f6\u00f6tatud aasta eest STACCis.<\/p>\n<\/div>\n<\/div>\n<\/div><\/div>\n\n\n\n<div style=\"height:35px\" aria-hidden=\"true\" class=\"wp-block-spacer\"><\/div>\n\n\n\n<div class=\"wp-block-cover hero-bottom\"><span aria-hidden=\"true\" class=\"wp-block-cover__background has-background-dim-0 has-background-dim\" style=\"background-color:#706c67\"><\/span><img loading=\"lazy\" decoding=\"async\" width=\"2048\" height=\"802\" class=\"wp-block-cover__image-background wp-image-41190\" alt=\"\" src=\"https:\/\/stacc.veebilahendused.ee\/wp-content\/uploads\/2024\/11\/STACC_LuisaGretaVilo-33-e1731402668421.jpg\" data-object-fit=\"cover\" srcset=\"https:\/\/stacc.veebilahendused.ee\/wp-content\/uploads\/2024\/11\/STACC_LuisaGretaVilo-33-e1731402668421.jpg 2048w, https:\/\/stacc.veebilahendused.ee\/wp-content\/uploads\/2024\/11\/STACC_LuisaGretaVilo-33-e1731402668421-300x117.jpg 300w, https:\/\/stacc.veebilahendused.ee\/wp-content\/uploads\/2024\/11\/STACC_LuisaGretaVilo-33-e1731402668421-1024x401.jpg 1024w, https:\/\/stacc.veebilahendused.ee\/wp-content\/uploads\/2024\/11\/STACC_LuisaGretaVilo-33-e1731402668421-768x301.jpg 768w, https:\/\/stacc.veebilahendused.ee\/wp-content\/uploads\/2024\/11\/STACC_LuisaGretaVilo-33-e1731402668421-1536x602.jpg 1536w\" sizes=\"(max-width: 2048px) 100vw, 2048px\" \/><div class=\"wp-block-cover__inner-container is-layout-flow wp-block-cover-is-layout-flow\">\n<p class=\"has-text-align-center has-large-font-size\">Liitu meiega!<\/p>\n\n\n\n<p class=\"has-text-align-center\"><\/p>\n<\/div><\/div>\n","protected":false},"excerpt":{"rendered":"","protected":false},"author":1,"featured_media":10624,"parent":0,"menu_order":0,"comment_status":"closed","ping_status":"closed","template":"page-templates\/empty.php","meta":{"footnotes":""},"class_list":["post-10483","page","type-page","status-publish","has-post-thumbnail","hentry"],"yoast_head":"<!-- This site is optimized with the Yoast SEO plugin v25.1 - https:\/\/yoast.com\/wordpress\/plugins\/seo\/ -->\n<title>Tule t\u00f6\u00f6le - STACC<\/title>\n<meta name=\"description\" content=\"Liituge juhtiva AI ettev\u00f5ttega - STACC! Meie meeskond kasvab pidevalt ja otsime alati suurep\u00e4raseid ja andekaid t\u00f6\u00f6tajaid.\" \/>\n<meta name=\"robots\" content=\"noindex, follow, max-snippet:-1, max-image-preview:large, max-video-preview:-1\" \/>\n<meta property=\"og:locale\" content=\"et_EE\" \/>\n<meta property=\"og:type\" content=\"article\" \/>\n<meta property=\"og:title\" content=\"Tule t\u00f6\u00f6le - STACC\" \/>\n<meta property=\"og:description\" content=\"Liituge juhtiva AI ettev\u00f5ttega - STACC! Meie meeskond kasvab pidevalt ja otsime alati suurep\u00e4raseid ja andekaid t\u00f6\u00f6tajaid.\" \/>\n<meta property=\"og:url\" content=\"https:\/\/stacc.veebilahendused.ee\/et\/karjaarid\/\" \/>\n<meta property=\"og:site_name\" content=\"STACC\" \/>\n<meta property=\"article:publisher\" content=\"https:\/\/www.facebook.com\/staccest\" \/>\n<meta property=\"article:modified_time\" content=\"2025-04-22T22:34:55+00:00\" \/>\n<meta property=\"og:image\" content=\"https:\/\/stacc.veebilahendused.ee\/wp-content\/uploads\/2021\/10\/Stacc_joppcreative-6566-min-scaled.jpg\" \/>\n\t<meta property=\"og:image:width\" content=\"1\" \/>\n\t<meta property=\"og:image:height\" content=\"1\" \/>\n\t<meta property=\"og:image:type\" content=\"image\/jpeg\" \/>\n<meta name=\"twitter:card\" content=\"summary_large_image\" \/>\n<meta name=\"twitter:site\" content=\"@staccest1\" \/>\n<meta name=\"twitter:label1\" content=\"Est. reading time\" \/>\n\t<meta name=\"twitter:data1\" content=\"1 minut\" \/>\n<script type=\"application\/ld+json\" class=\"yoast-schema-graph\">{\"@context\":\"https:\/\/schema.org\",\"@graph\":[{\"@type\":\"WebPage\",\"@id\":\"https:\/\/stacc.veebilahendused.ee\/et\/karjaarid\/\",\"url\":\"https:\/\/stacc.veebilahendused.ee\/et\/karjaarid\/\",\"name\":\"Tule t\u00f6\u00f6le - STACC\",\"isPartOf\":{\"@id\":\"https:\/\/stacc.veebilahendused.ee\/et\/#website\"},\"primaryImageOfPage\":{\"@id\":\"https:\/\/stacc.veebilahendused.ee\/et\/karjaarid\/#primaryimage\"},\"image\":{\"@id\":\"https:\/\/stacc.veebilahendused.ee\/et\/karjaarid\/#primaryimage\"},\"thumbnailUrl\":\"https:\/\/stacc.veebilahendused.ee\/wp-content\/uploads\/2021\/10\/Stacc_joppcreative-6566-min-scaled.jpg\",\"datePublished\":\"2021-08-20T19:46:49+00:00\",\"dateModified\":\"2025-04-22T22:34:55+00:00\",\"description\":\"Liituge juhtiva AI ettev\u00f5ttega - STACC! Meie meeskond kasvab pidevalt ja otsime alati suurep\u00e4raseid ja andekaid t\u00f6\u00f6tajaid.\",\"breadcrumb\":{\"@id\":\"https:\/\/stacc.veebilahendused.ee\/et\/karjaarid\/#breadcrumb\"},\"inLanguage\":\"et\",\"potentialAction\":[{\"@type\":\"ReadAction\",\"target\":[\"https:\/\/stacc.veebilahendused.ee\/et\/karjaarid\/\"]}]},{\"@type\":\"ImageObject\",\"inLanguage\":\"et\",\"@id\":\"https:\/\/stacc.veebilahendused.ee\/et\/karjaarid\/#primaryimage\",\"url\":\"https:\/\/stacc.veebilahendused.ee\/wp-content\/uploads\/2021\/10\/Stacc_joppcreative-6566-min-scaled.jpg\",\"contentUrl\":\"https:\/\/stacc.veebilahendused.ee\/wp-content\/uploads\/2021\/10\/Stacc_joppcreative-6566-min-scaled.jpg\"},{\"@type\":\"BreadcrumbList\",\"@id\":\"https:\/\/stacc.veebilahendused.ee\/et\/karjaarid\/#breadcrumb\",\"itemListElement\":[{\"@type\":\"ListItem\",\"position\":1,\"name\":\"Avaleht\",\"item\":\"https:\/\/stacc.veebilahendused.ee\/et\/\"},{\"@type\":\"ListItem\",\"position\":2,\"name\":\"Tule t\u00f6\u00f6le\"}]},{\"@type\":\"WebSite\",\"@id\":\"https:\/\/stacc.veebilahendused.ee\/et\/#website\",\"url\":\"https:\/\/stacc.veebilahendused.ee\/et\/\",\"name\":\"STACC\",\"description\":\"Juhtiv masin\u00f5ppe ja andmeteaduse ettev\u00f5te\",\"publisher\":{\"@id\":\"https:\/\/stacc.veebilahendused.ee\/et\/#organization\"},\"potentialAction\":[{\"@type\":\"SearchAction\",\"target\":{\"@type\":\"EntryPoint\",\"urlTemplate\":\"https:\/\/stacc.veebilahendused.ee\/et\/?s={search_term_string}\"},\"query-input\":{\"@type\":\"PropertyValueSpecification\",\"valueRequired\":true,\"valueName\":\"search_term_string\"}}],\"inLanguage\":\"et\"},{\"@type\":\"Organization\",\"@id\":\"https:\/\/stacc.veebilahendused.ee\/et\/#organization\",\"name\":\"STACC\",\"url\":\"https:\/\/stacc.veebilahendused.ee\/et\/\",\"logo\":{\"@type\":\"ImageObject\",\"inLanguage\":\"et\",\"@id\":\"https:\/\/stacc.veebilahendused.ee\/et\/#\/schema\/logo\/image\/\",\"url\":\"https:\/\/stacc.veebilahendused.ee\/wp-content\/uploads\/2021\/09\/stacc.jpg\",\"contentUrl\":\"https:\/\/stacc.veebilahendused.ee\/wp-content\/uploads\/2021\/09\/stacc.jpg\",\"width\":176,\"height\":176,\"caption\":\"STACC\"},\"image\":{\"@id\":\"https:\/\/stacc.veebilahendused.ee\/et\/#\/schema\/logo\/image\/\"},\"sameAs\":[\"https:\/\/www.facebook.com\/staccest\",\"https:\/\/x.com\/staccest1\",\"https:\/\/www.instagram.com\/staccest\/\",\"https:\/\/ee.linkedin.com\/company\/staccest\",\"https:\/\/www.youtube.com\/channel\/UCnn59bCz9vSM3lC0S9j6Ccw\"]}]}<\/script>\n<!-- \/ Yoast SEO plugin. -->","yoast_head_json":{"title":"Tule t\u00f6\u00f6le - STACC","description":"Liituge juhtiva AI ettev\u00f5ttega - STACC! Meie meeskond kasvab pidevalt ja otsime alati suurep\u00e4raseid ja andekaid t\u00f6\u00f6tajaid.","robots":{"index":"noindex","follow":"follow","max-snippet":"max-snippet:-1","max-image-preview":"max-image-preview:large","max-video-preview":"max-video-preview:-1"},"og_locale":"et_EE","og_type":"article","og_title":"Tule t\u00f6\u00f6le - STACC","og_description":"Liituge juhtiva AI ettev\u00f5ttega - STACC! Meie meeskond kasvab pidevalt ja otsime alati suurep\u00e4raseid ja andekaid t\u00f6\u00f6tajaid.","og_url":"https:\/\/stacc.veebilahendused.ee\/et\/karjaarid\/","og_site_name":"STACC","article_publisher":"https:\/\/www.facebook.com\/staccest","article_modified_time":"2025-04-22T22:34:55+00:00","og_image":[{"url":"https:\/\/stacc.veebilahendused.ee\/wp-content\/uploads\/2021\/10\/Stacc_joppcreative-6566-min-scaled.jpg","width":1,"height":1,"type":"image\/jpeg"}],"twitter_card":"summary_large_image","twitter_site":"@staccest1","twitter_misc":{"Est. reading time":"1 minut"},"schema":{"@context":"https:\/\/schema.org","@graph":[{"@type":"WebPage","@id":"https:\/\/stacc.veebilahendused.ee\/et\/karjaarid\/","url":"https:\/\/stacc.veebilahendused.ee\/et\/karjaarid\/","name":"Tule t\u00f6\u00f6le - STACC","isPartOf":{"@id":"https:\/\/stacc.veebilahendused.ee\/et\/#website"},"primaryImageOfPage":{"@id":"https:\/\/stacc.veebilahendused.ee\/et\/karjaarid\/#primaryimage"},"image":{"@id":"https:\/\/stacc.veebilahendused.ee\/et\/karjaarid\/#primaryimage"},"thumbnailUrl":"https:\/\/stacc.veebilahendused.ee\/wp-content\/uploads\/2021\/10\/Stacc_joppcreative-6566-min-scaled.jpg","datePublished":"2021-08-20T19:46:49+00:00","dateModified":"2025-04-22T22:34:55+00:00","description":"Liituge juhtiva AI ettev\u00f5ttega - STACC! Meie meeskond kasvab pidevalt ja otsime alati suurep\u00e4raseid ja andekaid t\u00f6\u00f6tajaid.","breadcrumb":{"@id":"https:\/\/stacc.veebilahendused.ee\/et\/karjaarid\/#breadcrumb"},"inLanguage":"et","potentialAction":[{"@type":"ReadAction","target":["https:\/\/stacc.veebilahendused.ee\/et\/karjaarid\/"]}]},{"@type":"ImageObject","inLanguage":"et","@id":"https:\/\/stacc.veebilahendused.ee\/et\/karjaarid\/#primaryimage","url":"https:\/\/stacc.veebilahendused.ee\/wp-content\/uploads\/2021\/10\/Stacc_joppcreative-6566-min-scaled.jpg","contentUrl":"https:\/\/stacc.veebilahendused.ee\/wp-content\/uploads\/2021\/10\/Stacc_joppcreative-6566-min-scaled.jpg"},{"@type":"BreadcrumbList","@id":"https:\/\/stacc.veebilahendused.ee\/et\/karjaarid\/#breadcrumb","itemListElement":[{"@type":"ListItem","position":1,"name":"Avaleht","item":"https:\/\/stacc.veebilahendused.ee\/et\/"},{"@type":"ListItem","position":2,"name":"Tule t\u00f6\u00f6le"}]},{"@type":"WebSite","@id":"https:\/\/stacc.veebilahendused.ee\/et\/#website","url":"https:\/\/stacc.veebilahendused.ee\/et\/","name":"STACC","description":"Juhtiv masin\u00f5ppe ja andmeteaduse ettev\u00f5te","publisher":{"@id":"https:\/\/stacc.veebilahendused.ee\/et\/#organization"},"potentialAction":[{"@type":"SearchAction","target":{"@type":"EntryPoint","urlTemplate":"https:\/\/stacc.veebilahendused.ee\/et\/?s={search_term_string}"},"query-input":{"@type":"PropertyValueSpecification","valueRequired":true,"valueName":"search_term_string"}}],"inLanguage":"et"},{"@type":"Organization","@id":"https:\/\/stacc.veebilahendused.ee\/et\/#organization","name":"STACC","url":"https:\/\/stacc.veebilahendused.ee\/et\/","logo":{"@type":"ImageObject","inLanguage":"et","@id":"https:\/\/stacc.veebilahendused.ee\/et\/#\/schema\/logo\/image\/","url":"https:\/\/stacc.veebilahendused.ee\/wp-content\/uploads\/2021\/09\/stacc.jpg","contentUrl":"https:\/\/stacc.veebilahendused.ee\/wp-content\/uploads\/2021\/09\/stacc.jpg","width":176,"height":176,"caption":"STACC"},"image":{"@id":"https:\/\/stacc.veebilahendused.ee\/et\/#\/schema\/logo\/image\/"},"sameAs":["https:\/\/www.facebook.com\/staccest","https:\/\/x.com\/staccest1","https:\/\/www.instagram.com\/staccest\/","https:\/\/ee.linkedin.com\/company\/staccest","https:\/\/www.youtube.com\/channel\/UCnn59bCz9vSM3lC0S9j6Ccw"]}]}},"_links":{"self":[{"href":"https:\/\/stacc.veebilahendused.ee\/et\/wp-json\/wp\/v2\/pages\/10483","targetHints":{"allow":["GET"]}}],"collection":[{"href":"https:\/\/stacc.veebilahendused.ee\/et\/wp-json\/wp\/v2\/pages"}],"about":[{"href":"https:\/\/stacc.veebilahendused.ee\/et\/wp-json\/wp\/v2\/types\/page"}],"author":[{"embeddable":true,"href":"https:\/\/stacc.veebilahendused.ee\/et\/wp-json\/wp\/v2\/users\/1"}],"replies":[{"embeddable":true,"href":"https:\/\/stacc.veebilahendused.ee\/et\/wp-json\/wp\/v2\/comments?post=10483"}],"version-history":[{"count":1,"href":"https:\/\/stacc.veebilahendused.ee\/et\/wp-json\/wp\/v2\/pages\/10483\/revisions"}],"predecessor-version":[{"id":47034,"href":"https:\/\/stacc.veebilahendused.ee\/et\/wp-json\/wp\/v2\/pages\/10483\/revisions\/47034"}],"wp:featuredmedia":[{"embeddable":true,"href":"https:\/\/stacc.veebilahendused.ee\/et\/wp-json\/wp\/v2\/media\/10624"}],"wp:attachment":[{"href":"https:\/\/stacc.veebilahendused.ee\/et\/wp-json\/wp\/v2\/media?parent=10483"}],"curies":[{"name":"wp","href":"https:\/\/api.w.org\/{rel}","templated":true}]}}